{"id":250,"date":"2023-06-12T14:05:07","date_gmt":"2023-06-12T12:05:07","guid":{"rendered":"https:\/\/konzerte-am-bachdenkmal.de\/?page_id=250"},"modified":"2023-06-12T14:16:18","modified_gmt":"2023-06-12T12:16:18","slug":"frontpage-teaser","status":"publish","type":"page","link":"https:\/\/konzerte-am-bachdenkmal.de\/en\/frontpage-teaser\/","title":{"rendered":"Frontpage Teaser"},"content":{"rendered":"<h1>Concerts at the Bach Monument 2023<\/h1>\n<h3>03.07.2023 to 28.08.2023<\/h3>\nevery monday 7pm at Bach Monument (inside the church if its rainy)<br>\nFinal concert 28.08.2023 at 08.30pm\n<p><\/p>\n\t<p>Classical music-making in the shadow of the Bach Monument, as if under the eye of our most famous Cantor of St. Thomas, has a long tradition against the magnificent backdrop of the place where he has been active for many years. More than 40 years ago, the first open-air summer concert took place here, originally conceived as a cultural offer to bridge the summer break in Leipzig's established houses.<\/p>\n<p>2022 ist manches anders: Nach zweij\u00e4hriger Corona-Pause d\u00fcrfen wir uns endlich wieder vor dem Bachdenkmal versammeln, und die Organisation der Konzerte hat gewechselt: Viel Erfolg dem neuen Veranstalter Robert Herrmann; erfreuen Sie sich, liebe G\u00e4ste, seiner musikalischen Handschrift im vorliegenden Programmheft! Geblieben ist, was die Konzertreihe unentbehrlich macht: Besondere Kompositionen, bekannte K\u00fcnstler, beliebte Melodien &#8211; vereint mit dem besonderen Flair des historischen Thomaskirchhofs. Immer am Montag, vom 4. Juli bis zum 29. August, lassen Sie sich verzaubern!<\/p>\n\t\t\t\t<img decoding=\"async\" src=\"https:\/\/konzerte-am-bachdenkmal.de\/wp-content\/uploads\/2022\/06\/kab-burkhard-jung.jpg\" alt=\"kab-burkhard-jung\" itemprop=\"image\" height=\"500\" width=\"375\" title=\"kab-burkhard-jung\" onerror=\"this.style.display='none'\">\n\tYours, Burkhard Jung<br>\nLord Mayor of the City of Leipzig\n<p>&nbsp;<\/p>\n\t<p>Dear audience,<\/p>\n<p>When I was 16 years old, I played for the first time with my then duo partner at the concerts at the Bach Monument,]. This was a concert for 4 hands on the grand piano, with a programme of jazz and classical arrangements. More than 20 years later, it was by chance that I ran into Peter Zimmer and we spontaneously started talking about his follow-up.<\/p>\n<p>This meeting led to concrete plans and the organisational work quickly began. Then came the pandemic and the concerts could not take place for two years in a row. Now, in the 43rd year of its existence, for the 41st time there will be concerts at the Bach Monument! We are pleased to invite you, dear audience, to the Bach Monument and St. Thomas Church again. Admission is free, but a donation or contribution is requested at the end of the concerts.<\/p>\n<p>Vom Vokalensemble, Streichquartett, Brassband, Orchestermusik \u00fcber Jazz und einer zeitgen\u00f6ssischer Bearbeitung Robert Schumann&#8217;s Kreisleriana &#8211; in der Saison 2022 erleben Sie eine interessante Vielfalt mit hervorragenden K\u00fcnstlerInnen aus Leipzig und der Welt.<\/p>\n<p>Our sincere gratitude goes to the city of Leipzig, the Sparkasse Leipzig, the Thomaskirche Leipzig and our partners at the Leipzig branch of the Polish Institute Berlin and the C.Bechstein Centrum Leipzig. With their generous support, they make the concerts at the Bach Monument 2022 possible.<\/p>\n<p>All the best to you, dear Peter Zimmer, and many thanks for your commitment over so many years!<\/p>\n<p>Sincerely<\/p>\nRobert Herrmann &#8211; Jazzpianist und Kulturschaffender<br>\nAist\u0117 Orinait\u0117 &#8211; S\u00e4ngerin und organisatorische Mitarbeit\n\t\t\t\t<img decoding=\"async\" src=\"https:\/\/konzerte-am-bachdenkmal.de\/wp-content\/uploads\/2022\/06\/kab-robert-herrmann.jpg\" alt=\"kab-robert-herrmann\" itemprop=\"image\" height=\"500\" width=\"375\" title=\"kab-robert-herrmann\" onerror=\"this.style.display='none'\">\n\t<p>The concerts at the Bach Monument have been a special hallmark of Leipzig as a city of music since their founding in 1979. With their diversity and freshness, they are an expression of a lively musical culture. In 1994, the Leipzig city administration asked me to organise the concert series. <\/p>\n<p>Because of my retirement, I wanted to find a successor last year. I found a very suitable candidate a pianist and project manager Robert Herrmann from Leipzig. <\/p>\n<p>The joy of being alive that music can convey should continue to be experienced by many people without any admission charge. I wish the guests and participants from near and far an entertaining and enjoyable time full of musical pleasures this year and beyond.<\/p>\n\t\t\t\t<img decoding=\"async\" src=\"https:\/\/konzerte-am-bachdenkmal.de\/wp-content\/uploads\/2022\/06\/kab-peter-zimmer.jpg\" alt=\"kab-peter-zimmer\" itemprop=\"image\" height=\"500\" width=\"375\" title=\"kab-peter-zimmer\" onerror=\"this.style.display='none'\">\n\tWith best regards<br>\nPeter Zimmer\n<p>&nbsp;<\/p>","protected":false},"excerpt":{"rendered":"<p>Konzerte am Bachdenkmal 2023 03.07.2023 bis 28.08.2023 immer montags 19:00 Uhr am Bachdenkmal (bei Regen Thomaskirche) Abschlusskonzert am 28.08.2023 um 20:30 Uhr Klassisches Musizieren im Schatten des Bachdenkmals, gleichsam unter dem Auge unseres ber\u00fchmtesten Thomaskantors, hat vor der gro\u00dfartigen Kulisse seiner langj\u00e4hrigen Wirkungsst\u00e4tte Tradition. Vor mehr als 40 Jahren fand hier das erste Sommerkonzert unter [&hellip;]<\/p>\n","protected":false},"author":2,"featured_media":0,"parent":0,"menu_order":0,"comment_status":"closed","ping_status":"closed","template":"","meta":{"_acf_changed":false,"_seopress_robots_primary_cat":"","_seopress_titles_title":"Konzerte am Bachdenkmal 2023","_seopress_titles_desc":"Konzerte am Bachdenkmal 2023 vom 03.07.2023 bis 28.08.2023. Immer montags um 19:00 Uhr am Bachdenkmal (bei Regen Thomaskirche).","_seopress_robots_index":"","site-sidebar-layout":"default","site-content-layout":"page-builder","ast-site-content-layout":"default","site-content-style":"default","site-sidebar-style":"default","ast-global-header-display":"","ast-banner-title-visibility":"","ast-main-header-display":"","ast-hfb-above-header-display":"","ast-hfb-below-header-display":"","ast-hfb-mobile-header-display":"","site-post-title":"disabled","ast-breadcrumbs-content":"","ast-featured-img":"","footer-sml-layout":"","ast-disable-related-posts":"","theme-transparent-header-meta":"","adv-header-id-meta":"","stick-header-meta":"","header-above-stick-meta":"","header-main-stick-meta":"","header-below-stick-meta":"","astra-migrate-meta-layouts":"default","ast-page-background-enabled":"default","ast-page-background-meta":{"desktop":{"background-color":"var(--ast-global-color-4)","background-image":"","background-repeat":"repeat","background-position":"center center","background-size":"auto","background-attachment":"scroll","background-type":"","background-media":"","overlay-type":"","overlay-color":"","overlay-opacity":"","overlay-gradient":""},"tablet":{"background-color":"","background-image":"","background-repeat":"repeat","background-position":"center center","background-size":"auto","background-attachment":"scroll","background-type":"","background-media":"","overlay-type":"","overlay-color":"","overlay-opacity":"","overlay-gradient":""},"mobile":{"background-color":"","background-image":"","background-repeat":"repeat","background-position":"center center","background-size":"auto","background-attachment":"scroll","background-type":"","background-media":"","overlay-type":"","overlay-color":"","overlay-opacity":"","overlay-gradient":""}},"ast-content-background-meta":{"desktop":{"background-color":"var(--ast-global-color-5)","background-image":"","background-repeat":"repeat","background-position":"center center","background-size":"auto","background-attachment":"scroll","background-type":"","background-media":"","overlay-type":"","overlay-color":"","overlay-opacity":"","overlay-gradient":""},"tablet":{"background-color":"var(--ast-global-color-5)","background-image":"","background-repeat":"repeat","background-position":"center center","background-size":"auto","background-attachment":"scroll","background-type":"","background-media":"","overlay-type":"","overlay-color":"","overlay-opacity":"","overlay-gradient":""},"mobile":{"background-color":"var(--ast-global-color-5)","background-image":"","background-repeat":"repeat","background-position":"center center","background-size":"auto","background-attachment":"scroll","background-type":"","background-media":"","overlay-type":"","overlay-color":"","overlay-opacity":"","overlay-gradient":""}},"footnotes":""},"class_list":["post-250","page","type-page","status-publish","hentry"],"acf":[],"_links":{"self":[{"href":"https:\/\/konzerte-am-bachdenkmal.de\/en\/wp-json\/wp\/v2\/pages\/250","targetHints":{"allow":["GET"]}}],"collection":[{"href":"https:\/\/konzerte-am-bachdenkmal.de\/en\/wp-json\/wp\/v2\/pages"}],"about":[{"href":"https:\/\/konzerte-am-bachdenkmal.de\/en\/wp-json\/wp\/v2\/types\/page"}],"author":[{"embeddable":true,"href":"https:\/\/konzerte-am-bachdenkmal.de\/en\/wp-json\/wp\/v2\/users\/2"}],"replies":[{"embeddable":true,"href":"https:\/\/konzerte-am-bachdenkmal.de\/en\/wp-json\/wp\/v2\/comments?post=250"}],"version-history":[{"count":3,"href":"https:\/\/konzerte-am-bachdenkmal.de\/en\/wp-json\/wp\/v2\/pages\/250\/revisions"}],"predecessor-version":[{"id":255,"href":"https:\/\/konzerte-am-bachdenkmal.de\/en\/wp-json\/wp\/v2\/pages\/250\/revisions\/255"}],"wp:attachment":[{"href":"https:\/\/konzerte-am-bachdenkmal.de\/en\/wp-json\/wp\/v2\/media?parent=250"}],"curies":[{"name":"wp","href":"https:\/\/api.w.org\/{rel}","templated":true}]}}